{"id":1022,"date":"2025-09-07T19:41:46","date_gmt":"2025-09-07T19:41:46","guid":{"rendered":"https:\/\/frank.jbeanwefiteam.com\/?page_id=1022"},"modified":"2026-03-13T16:36:06","modified_gmt":"2026-03-13T16:36:06","slug":"cookies-policy","status":"publish","type":"page","link":"https:\/\/frank.jbeanwefiteam.com\/es\/cookies-policy\/","title":{"rendered":"Pol\u00edtica de cookies"},"content":{"rendered":"<div class=\"et_pb_section_0 et_pb_section et_section_regular et_block_section\">\n<div class=\"et_pb_row_0 et_pb_row et_block_row\">\n<div class=\"et_pb_column_0 et_pb_column et_pb_column_4_4 et-last-child et_block_column et_pb_css_mix_blend_mode_passthrough\">\n<div class=\"et_pb_text_0 et_pb_text et_pb_bg_layout_light et_pb_module et_block_module preset--group--divi-text--divi-font-body--default preset--group--divi-text--divi-font-body--h19rs5u--default preset--group--divi-text--divi-font-body--h1yjkjr--default\"><div class=\"et_pb_text_inner\"><p><!-- wp:paragraph --><\/p>\n<p>JBean WeFi Team LLC (\"nosotros\", \"nuestro\/a\") utiliza cookies en Mi Sitio Web https:\/\/frank.jbeanwefiteam.com (el \"Servicio\"). Al utilizar el Servicio, usted consiente el uso de cookies. Nuestra Pol\u00edtica de Cookies explica qu\u00e9 son las cookies, c\u00f3mo las utilizamos, c\u00f3mo terceros con los que podemos asociarnos pueden utilizar cookies en el Servicio, sus opciones con respecto a las cookies y m\u00e1s informaci\u00f3n sobre las cookies.<\/p>\n<p><!-- \/wp:paragraph --><br \/><!-- wp:paragraph --><br \/><strong>\u00bfQu\u00e9 son las cookies?<\/strong><br \/><!-- \/wp:paragraph --><br \/><!-- wp:paragraph --><\/p>\n<p>Una cookie es un peque\u00f1o archivo de texto que tu navegador web env\u00eda a un sitio web espec\u00edfico que visitas. Un archivo de cookie se almacena en tu navegador web y permite que el Servicio o un tercero te reconozca, facilitando tu pr\u00f3xima visita y haciendo que el Servicio te sea m\u00e1s \u00fatil. Las cookies pueden ser \"persistentes\" o de \"sesi\u00f3n\".<\/p>\n<p><!-- \/wp:paragraph --><br \/><!-- wp:paragraph --><br \/><strong>C\u00f3mo https:\/\/frank.jbeanwefiteam.com usa cookies<\/strong><br \/><!-- \/wp:paragraph --><br \/><!-- wp:paragraph --><\/p>\n<p>Cuando utiliza y accede al Servicio, podemos colocar varios archivos de cookies en su navegador web. Utilizamos cookies para los siguientes fines: habilitar determinadas funciones del Servicio, proporcionar an\u00e1lisis, almacenar sus preferencias, habilitar la entrega de publicidad, incluida la publicidad basada en el comportamiento. Las cookies que podemos utilizar en el sitio se pueden clasificar de la siguiente manera:<\/p>\n<p><!-- \/wp:paragraph --><br \/><!-- wp:list --><\/p>\n<ul>\n<li>Estrictamente necesario<\/li>\n<li>Rendimiento<\/li>\n<li>Funcionalidad<\/li>\n<li>Orientaci\u00f3n<\/li>\n<\/ul>\n<p><!-- \/wp:list --><br \/><!-- wp:paragraph --><\/p>\n<p>Algunas cookies pueden cumplir m\u00e1s de una de estas funciones. Las cookies 'Estrictamente Necesarias' te permiten navegar por el sitio https:\/\/frank.jbeanwefiteam.com y usar funciones esenciales como \u00e1reas seguras. Sin estas cookies, no podemos proporcionar los servicios solicitados.<\/p>\n<p><!-- \/wp:paragraph --><br \/><!-- wp:paragraph --><br \/><strong>Utilizamos estas cookies estrictamente necesarias para:<\/strong><br \/><!-- \/wp:paragraph --><br \/><!-- wp:paragraph --><\/p>\n<p>Identif\u00edcate como si hubieras iniciado sesi\u00f3n en https:\/\/frank.jbeanwefiteam.com para autenticarte. Aseg\u00farate de conectarte al servicio correcto en https:\/\/frank.jbeanwefiteam.com cuando hagamos cualquier cambio en su funcionamiento.<\/p>\n<p><!-- \/wp:paragraph --><br \/><!-- wp:paragraph --><br \/><strong>Por motivos de seguridad<\/strong><br \/><!-- \/wp:paragraph --><br \/><!-- wp:paragraph --><\/p>\n<p>Aceptar estas cookies es una condici\u00f3n para usar https:\/\/frank.jbeanwefiteam.com, por lo que si impides estas cookies, no podemos garantizar el funcionamiento de https:\/\/frank.jbeanwefiteam.com durante tu visita. Las cookies de 'rendimiento' recopilan informaci\u00f3n sobre c\u00f3mo usas https:\/\/frank.jbeanwefiteam.com, por ejemplo, qu\u00e9 p\u00e1ginas visitas y si experimentas alg\u00fan error. Estas cookies no recopilan ninguna informaci\u00f3n que pueda identificarte y solo se utilizan para ayudarnos a mejorar el funcionamiento de https:\/\/frank.jbeanwefiteam.com, comprender los intereses de nuestros usuarios y medir la efectividad de nuestra publicidad.<\/p>\n<p><!-- \/wp:paragraph --><br \/><!-- wp:paragraph --><br \/><strong>Utilizamos cookies de rendimiento para:<\/strong><br \/><!-- \/wp:paragraph --><br \/><!-- wp:paragraph --><\/p>\n<p>Realizar anal\u00edticas web: y proporcionar estad\u00edsticas sobre c\u00f3mo se utiliza https:\/\/frank.jbeanwefiteam.com. Realizar seguimiento de afiliados: Proporcionar retroalimentaci\u00f3n a las entidades afiliadas de que uno de nuestros visitantes tambi\u00e9n visit\u00f3 su sitio. Obtener datos sobre la cantidad de usuarios de https:\/\/frank.jbeanwefiteam.com que han visto un producto o servicio. Ayudarnos a mejorar https:\/\/frank.jbeanwefiteam.com midiendo cualquier error que ocurra. Probar diferentes dise\u00f1os para https:\/\/frank.jbeanwefiteam.com. Algunas de nuestras cookies de rendimiento son administradas por terceros.<\/p>\n<p><!-- \/wp:paragraph --><br \/><!-- wp:paragraph --><\/p>\n<p>'Las cookies de 'Funcionalidad' se utilizan para proporcionar servicios o para recordar configuraciones que mejoran tu visita.<\/p>\n<p><!-- \/wp:paragraph --><br \/><!-- wp:paragraph --><br \/><strong>Usamos cookies de'Funcionalidad' para prop\u00f3sitos como:<\/strong><br \/><!-- \/wp:paragraph --><br \/><!-- wp:paragraph --><\/p>\n<p>Recuerda la configuraci\u00f3n que has aplicado, como el dise\u00f1o, el tama\u00f1o del texto, las preferencias y los colores. Recuerda si ya te hemos preguntado si deseas completar una encuesta. Recuerda si has interactuado con un componente o lista en particular en la plataforma https:\/\/frank.jbeanwefiteam.com, para que no se repita. Mostrarte cuando has iniciado sesi\u00f3n en https:\/\/frank.jbeanwefiteam.com, para proporcionar y mostrar contenido de video incrustado. Algunas de estas cookies son administradas por terceros. Las cookies de \u2018segmentaci\u00f3n\u2019 se utilizan para rastrear tu visita a https:\/\/frank.jbeanwefiteam.com, as\u00ed como a otros sitios web, aplicaciones y servicios en l\u00ednea, incluidas las p\u00e1ginas que has visitado y los enlaces que has seguido, lo que permite a https:\/\/frank.jbeanwefiteam.com mostrarte anuncios dirigidos en https:\/\/frank.jbeanwefiteam.com. .<\/p>\n<p><!-- \/wp:paragraph --><br \/><!-- wp:paragraph --><br \/><strong>Podemos utilizar cookies de segmentaci\u00f3n para:<\/strong><br \/><!-- \/wp:paragraph --><br \/><!-- wp:paragraph --><\/p>\n<p>Mostrar anuncios dirigidos dentro de https:\/\/frank.jbeanwefiteam.com. Para mejorar la forma en que ofrecemos anuncios y contenido personalizados, y para medir el \u00e9xito de las campa\u00f1as publicitarias en https:\/\/frank.jbeanwefiteam.com. .<\/p>\n<p><!-- \/wp:paragraph --><br \/><!-- wp:paragraph --><\/p>\n<p>Cookies de terceros<\/p>\n<p><!-- \/wp:paragraph --><br \/><!-- wp:paragraph --><\/p>\n<p>Adem\u00e1s de nuestras cookies, tambi\u00e9n podemos utilizar diversas cookies de terceros para informar sobre las estad\u00edsticas de uso del Servicio, mostrar anuncios en el Servicio y a trav\u00e9s de \u00e9l, etc.<\/p>\n<p><!-- \/wp:paragraph --><br \/><!-- wp:paragraph --><br \/><strong>\u00bfCu\u00e1les son sus opciones con respecto a las cookies?<\/strong><br \/><!-- \/wp:paragraph --><br \/><!-- wp:paragraph --><\/p>\n<p>Si deseas eliminar las cookies o instruir a tu navegador web para que las elimine o las rechace, visita las p\u00e1ginas de ayuda de tu navegador. Ten en cuenta, sin embargo, que si eliminas las cookies o te niegas a aceptarlas, es posible que no puedas usar todas las funciones que ofrecemos, que no puedas almacenar tus preferencias y que algunas de nuestras p\u00e1ginas no se muestren correctamente.<\/p>\n<p><!-- \/wp:paragraph --><\/p>\n<p><!-- wp:separator --><\/p>\n<hr class=\"wp-block-separator\" \/><!-- \/wp:separator --><\/p>\n<p>&nbsp;<\/p>\n<p><!-- wp:paragraph --><\/p>\n<p>\u00daltima actualizaci\u00f3n: 7 de septiembre de 2025<\/p>\n<p><!-- \/wp:paragraph --><\/p>\n<\/div><\/div>\n<\/div>\n<\/div>\n<\/div>","protected":false},"excerpt":{"rendered":"","protected":false},"author":1,"featured_media":389,"parent":0,"menu_order":0,"comment_status":"closed","ping_status":"closed","template":"","meta":{"inline_featured_image":false,"footnotes":""},"class_list":["post-1022","page","type-page","status-publish","has-post-thumbnail","hentry"],"_links":{"self":[{"href":"https:\/\/frank.jbeanwefiteam.com\/es\/wp-json\/wp\/v2\/pages\/1022","targetHints":{"allow":["GET"]}}],"collection":[{"href":"https:\/\/frank.jbeanwefiteam.com\/es\/wp-json\/wp\/v2\/pages"}],"about":[{"href":"https:\/\/frank.jbeanwefiteam.com\/es\/wp-json\/wp\/v2\/types\/page"}],"author":[{"embeddable":true,"href":"https:\/\/frank.jbeanwefiteam.com\/es\/wp-json\/wp\/v2\/users\/1"}],"replies":[{"embeddable":true,"href":"https:\/\/frank.jbeanwefiteam.com\/es\/wp-json\/wp\/v2\/comments?post=1022"}],"version-history":[{"count":4,"href":"https:\/\/frank.jbeanwefiteam.com\/es\/wp-json\/wp\/v2\/pages\/1022\/revisions"}],"predecessor-version":[{"id":1746,"href":"https:\/\/frank.jbeanwefiteam.com\/es\/wp-json\/wp\/v2\/pages\/1022\/revisions\/1746"}],"wp:featuredmedia":[{"embeddable":true,"href":"https:\/\/frank.jbeanwefiteam.com\/es\/wp-json\/wp\/v2\/media\/389"}],"wp:attachment":[{"href":"https:\/\/frank.jbeanwefiteam.com\/es\/wp-json\/wp\/v2\/media?parent=1022"}],"curies":[{"name":"wp","href":"https:\/\/api.w.org\/{rel}","templated":true}]}}