{"id":1019,"date":"2025-09-07T19:40:17","date_gmt":"2025-09-07T19:40:17","guid":{"rendered":"https:\/\/frank.jbeanwefiteam.com\/?page_id=1019"},"modified":"2026-03-13T16:37:29","modified_gmt":"2026-03-13T16:37:29","slug":"gdpr-privacy-policy","status":"publish","type":"page","link":"https:\/\/frank.jbeanwefiteam.com\/es\/gdpr-privacy-policy\/","title":{"rendered":"Pol\u00edtica de privacidad del RGPD"},"content":{"rendered":"<div class=\"et_pb_section_0 et_pb_section et_section_regular et_block_section\">\n<div class=\"et_pb_row_0 et_pb_row et_block_row\">\n<div class=\"et_pb_column_0 et_pb_column et_pb_column_4_4 et-last-child et_block_column et_pb_css_mix_blend_mode_passthrough\">\n<div class=\"et_pb_text_0 et_pb_text et_pb_bg_layout_light et_pb_module et_block_module preset--group--divi-text--divi-font-body--default preset--group--divi-text--divi-font-body--h19rs5u--default preset--group--divi-text--divi-font-body--h1yjkjr--default\"><div class=\"et_pb_text_inner\"><p><!-- wp:paragraph --><\/p>\n<p>JBean WeFi Team LLC (\u201cus\u201d, \u201cwe\u201d, or \u201cour\u201d) My Website https:\/\/frank.jbeanwefiteam.com is committed to respecting your privacy. This privacy policy informs you about how our organization collects, stores and uses your personal data that you provide when you use our website.<\/p>\n<p><span style=\"color: #666666;\"><!-- \/wp:paragraph --><\/span><\/p>\n<p><span style=\"color: #666666;\"><!-- wp:heading {\"level\":4} --><\/span><\/p>\n<h4><span style=\"color: #666666;\">Los temas incluyeron:<\/span><\/h4>\n<p><span style=\"color: #666666;\"><!-- \/wp:heading --><\/span><\/p>\n<p><!-- wp:list --><\/p>\n<ul>\n<li><a href=\"#privacy_1\">\u00bfQu\u00e9 datos recopilamos?<\/a><\/li>\n<li><a href=\"#privacy_2\">\u00bfC\u00f3mo recopilamos y utilizamos sus datos?<\/a><\/li>\n<li><a href=\"#privacy_3\">Datos utilizados con fines de mercadotecnia o compartidos con terceros<\/a><\/li>\n<li><a href=\"#privacy_4\">\u00bfCu\u00e1les son sus derechos en materia de protecci\u00f3n de datos?<\/a><\/li>\n<li><a href=\"#privacy_5\">Pol\u00edticas de privacidad de otros sitios web<\/a><\/li>\n<li><a href=\"#privacy_6\">Cambios en nuestra pol\u00edtica de privacidad<\/a><\/li>\n<li><a href=\"#privacy_7\">\u00bfC\u00f3mo ponerse en contacto con nosotros?<\/a><\/li>\n<\/ul>\n<p><!-- wp:heading {\"level\":4} --><\/p>\n<h4 id=\"privacy_1\">\u00bfQu\u00e9 datos recopilamos?<\/h4>\n<p><span style=\"color: #666666;\"><!-- \/wp:heading --><\/span><\/p>\n<p><span style=\"color: #666666;\"><!-- wp:paragraph --><\/span><\/p>\n<p><span style=\"color: #666666;\">Recopilamos su informaci\u00f3n personal. La informaci\u00f3n personal es cualquier dato relacionado con una persona que se utiliza como identificaci\u00f3n, como por ejemplo:<\/span><\/p>\n<p><span style=\"color: #666666;\"><!-- \/wp:paragraph --><\/span><\/p>\n<p><span style=\"color: #666666;\"><!-- wp:list --><\/span><\/p>\n<ul>\n<li><span style=\"color: #666666;\">Personal identification information - This data is provided by you for registration and for using other services - name, email address, phone number, country, state, etc.<\/span><\/li>\n<li><span style=\"color: #666666;\">Browser and visit information - This data is provided by your browser and visits you made on our website - browser type, operating system, IP address, demographics, etc.<\/span><\/li>\n<li><span style=\"color: #666666;\">Cookie-related information - See the cookie policy for cookie-related details.<\/span><\/li>\n<\/ul>\n<p><span style=\"color: #666666;\"><!-- \/wp:list --><\/span><\/p>\n<p><span style=\"color: #666666;\"><!-- wp:paragraph --><\/span><\/p>\n<p><span style=\"color: #666666;\">Sin embargo, puede navegar por nuestro sitio web sin proporcionar su informaci\u00f3n personal.<\/span><\/p>\n<p><span style=\"color: #666666;\"><!-- \/wp:paragraph --><\/span><\/p>\n<p><span style=\"color: #666666;\"><!-- wp:heading {\"level\":4} --><\/span><\/p>\n<h4 id=\"privacy_2\"><span style=\"color: #666666;\">\u00bfC\u00f3mo recopilamos y utilizamos su informaci\u00f3n personal?<\/span><\/h4>\n<p><span style=\"color: #666666;\"><!-- \/wp:heading --><\/span><\/p>\n<p><span style=\"color: #666666;\"><!-- wp:paragraph --><\/span><\/p>\n<p><span style=\"color: #666666;\">Recopilaci\u00f3n de informaci\u00f3n personal<\/span><\/p>\n<p><span style=\"color: #666666;\"><!-- \/wp:paragraph --><\/span><\/p>\n<p><span style=\"color: #666666;\"><!-- wp:paragraph --><\/span><\/p>\n<p><span style=\"color: #666666;\">Recopilamos sus datos en los siguientes formularios:<\/span><\/p>\n<p><span style=\"color: #666666;\"><!-- \/wp:paragraph --><\/span><\/p>\n<p><span style=\"color: #666666;\"><!-- wp:paragraph --><\/span><\/p>\n<p><span style=\"color: #666666;\">Uso de la informaci\u00f3n personal<\/span><\/p>\n<p><span style=\"color: #666666;\"><!-- \/wp:paragraph --><\/span><\/p>\n<p><span style=\"color: #666666;\"><!-- wp:list --><\/span><\/p>\n<ul>\n<li><span style=\"color: #666666;\">Reg\u00edstrese en l\u00ednea o haga un pedido de cualquier producto o servicio.<\/span><\/li>\n<li><span style=\"color: #666666;\">Complete una encuesta o env\u00edenos sus comentarios sobre nuestros productos o servicios por correo electr\u00f3nico.<\/span><\/li>\n<li><span style=\"color: #666666;\">Visit our website using your browser's cookies<\/span><\/li>\n<\/ul>\n<p><span style=\"color: #666666;\"><!-- \/wp:list --><\/span><\/p>\n<p><span style=\"color: #666666;\"><!-- wp:paragraph --><\/span><\/p>\n<p><span style=\"color: #666666;\">Utilizamos su informaci\u00f3n personal para los siguientes fines:<\/span><\/p>\n<p><span style=\"color: #666666;\"><!-- \/wp:paragraph --><\/span><\/p>\n<p><span style=\"color: #666666;\"><!-- wp:list --><\/span><\/p>\n<ul>\n<li><span style=\"color: #666666;\">Para crear y administrar su cuenta en nuestro sitio web.<\/span><\/li>\n<li><span style=\"color: #666666;\">Para procesar los detalles relacionados con sus pedidos y reembolsos.<\/span><\/li>\n<li><span style=\"color: #666666;\">Para identificarte una vez que te registres en nuestro sitio web.<\/span><\/li>\n<li><span style=\"color: #666666;\">Para ofrecerte una mejor usabilidad y servicio.<\/span><\/li>\n<li><span style=\"color: #666666;\">Para contactarte y responder a tus consultas y comentarios.<\/span><\/li>\n<li><span style=\"color: #666666;\">Para comprender qu\u00e9 secciones del sitio web se visitan y con qu\u00e9 frecuencia.<\/span><\/li>\n<\/ul>\n<p><span style=\"color: #666666;\"><!-- \/wp:list --><\/span><\/p>\n<p><span style=\"color: #666666;\"><!-- wp:heading {\"level\":4} --><\/span><\/p>\n<h4 id=\"privacy_3\"><span style=\"color: #666666;\">Datos utilizados con fines de mercadotecnia o compartidos con terceros<\/span><\/h4>\n<p><span style=\"color: #666666;\"><!-- \/wp:heading --><\/span><\/p>\n<p><span style=\"color: #666666;\"><!-- wp:paragraph --><\/span><\/p>\n<p><span style=\"color: #666666;\">Datos utilizados con fines de mercadotecnia<\/span><\/p>\n<p><span style=\"color: #666666;\"><!-- \/wp:paragraph --><\/span><\/p>\n<p><span style=\"color: #666666;\"><!-- wp:paragraph --><\/span><\/p>\n<p><span style=\"color: #666666;\">Seg\u00fan sus preferencias, nuestra organizaci\u00f3n desea enviarle correos electr\u00f3nicos de marketing sobre productos, servicios y ofertas que puedan ser de su inter\u00e9s. Usted tiene derecho a solicitar en cualquier momento que nuestra organizaci\u00f3n deje de ponerse en contacto con usted. Puede darse de baja de nuestros correos electr\u00f3nicos de marketing en cualquier momento.<\/span><\/p>\n<p><span style=\"color: #666666;\"><!-- \/wp:paragraph --><\/span><\/p>\n<p><span style=\"color: #666666;\"><!-- wp:paragraph --><\/span><\/p>\n<p><span style=\"color: #666666;\">Intercambio de datos con sitios de terceros<\/span><\/p>\n<p><span style=\"color: #666666;\"><!-- \/wp:paragraph --><\/span><\/p>\n<p><span style=\"color: #666666;\"><!-- wp:paragraph --><\/span><\/p>\n<p><span style=\"color: #666666;\">Nuestra organizaci\u00f3n nunca compartir\u00e1 su informaci\u00f3n personal con sitios de terceros sin su permiso previo. Sin embargo, compartimos su informaci\u00f3n personal dentro de la organizaci\u00f3n, con socios comerciales y servicios de terceros autorizados.<\/span><\/p>\n<p><span style=\"color: #666666;\"><!-- \/wp:paragraph --><\/span><\/p>\n<p><span style=\"color: #666666;\"><!-- wp:heading {\"level\":4} --><\/span><\/p>\n<h4 id=\"privacy_4\"><span style=\"color: #666666;\">\u00bfCu\u00e1les son sus derechos en materia de protecci\u00f3n de datos?<\/span><\/h4>\n<p><span style=\"color: #666666;\"><!-- \/wp:heading --><\/span><\/p>\n<p><span style=\"color: #666666;\"><!-- wp:paragraph --><\/span><\/p>\n<p><span style=\"color: #666666;\">Queremos asegurarnos de que conoce plenamente sus derechos en materia de protecci\u00f3n de datos. Todos los usuarios tienen los siguientes derechos:<\/span><\/p>\n<p><span style=\"color: #666666;\"><!-- \/wp:paragraph --><\/span><\/p>\n<p><span style=\"color: #666666;\"><!-- wp:list --><\/span><\/p>\n<ul>\n<li><span style=\"color: #666666;\">The right to access - Y<\/span>Tienes derecho a solicitar copias de la informaci\u00f3n personal que nos hayas proporcionado.<\/li>\n<li>The right to rectification - You have the right to tell us to correct the personal information that you believe needs correction. You also have the right to complete the information you believe is incomplete.<\/li>\n<li>The right to erase - You have the right to ask us to erase all your personal data at any time.<\/li>\n<li>The right to object - You have the right to object to our organization's processing of your personal data, under certain conditions.<\/li>\n<li>The right to data portability - You can anytime ask us to transfer your personal information to any other organization or directly to you, under certain conditions.<\/li>\n<\/ul>\n<p><span style=\"color: #666666;\"><!-- \/wp:list --><\/span><\/p>\n<p><span style=\"color: #666666;\"><!-- wp:heading {\"level\":4} --><\/span><\/p>\n<h4 id=\"privacy_5\"><span style=\"color: #666666;\">Pol\u00edticas de privacidad de otros sitios web vinculados<\/span><\/h4>\n<p><span style=\"color: #666666;\"><!-- \/wp:heading --><\/span><\/p>\n<p><!-- wp:paragraph --><\/p>\n<p>Nuestro sitio web contiene enlaces hacia y desde otros sitios web. Sin embargo, nuestra pol\u00edtica de privacidad solo se aplica a nuestro sitio web y no a otros sitios web enlazados. Por lo tanto, si hace clic en un enlace a otros sitios web, puede leer su pol\u00edtica de privacidad.<\/p>\n<p><span style=\"color: #666666;\"><!-- \/wp:paragraph --><\/span><\/p>\n<p><span style=\"color: #666666;\"><!-- wp:heading {\"level\":4} --><\/span><\/p>\n<h4 id=\"privacy_6\"><span style=\"color: #666666;\">Cambios en nuestra pol\u00edtica de privacidad<\/span><\/h4>\n<p><span style=\"color: #666666;\"><!-- \/wp:heading --><\/span><\/p>\n<p><span style=\"color: #666666;\"><!-- wp:paragraph --><\/span><\/p>\n<p><span style=\"color: #666666;\">Nuestra organizaci\u00f3n revisa y actualiza su pol\u00edtica de privacidad peri\u00f3dicamente. Podemos modificar nuestras pr\u00e1cticas de privacidad de datos y publicar cualquier actualizaci\u00f3n en esta p\u00e1gina de pol\u00edtica de privacidad.<\/span><\/p>\n<p><span style=\"color: #666666;\"><!-- \/wp:paragraph --><\/span><\/p>\n<p><span style=\"color: #666666;\"><!-- wp:heading {\"level\":4} --><\/span><\/p>\n<h4 id=\"privacy_7\"><span style=\"color: #666666;\">\u00bfC\u00f3mo ponerse en contacto con nosotros?<\/span><\/h4>\n<p><span style=\"color: #666666;\"><!-- \/wp:heading --><\/span><\/p>\n<p><span style=\"color: #666666;\"><!-- wp:paragraph --><\/span><\/p>\n<p><span style=\"color: #666666;\">If you have any queries related to our data privacy practices or this privacy policy, feel free to contact us at legal@jbeanwefiteam.com<\/span><\/p>\n<p><!-- \/wp:paragraph --><\/p>\n<p><!-- wp:separator --><\/p>\n<hr class=\"wp-block-separator\" \/><!-- \/wp:separator --><\/p>\n<p><!-- wp:paragraph --><\/p>\n<p>\u00daltima actualizaci\u00f3n: 7 de septiembre de 2025<\/p>\n<p><!-- \/wp:paragraph --><\/p>\n<\/div><\/div>\n<\/div>\n<\/div>\n<\/div>","protected":false},"excerpt":{"rendered":"","protected":false},"author":1,"featured_media":389,"parent":0,"menu_order":0,"comment_status":"closed","ping_status":"closed","template":"","meta":{"inline_featured_image":false,"footnotes":""},"class_list":["post-1019","page","type-page","status-publish","has-post-thumbnail","hentry"],"_links":{"self":[{"href":"https:\/\/frank.jbeanwefiteam.com\/es\/wp-json\/wp\/v2\/pages\/1019","targetHints":{"allow":["GET"]}}],"collection":[{"href":"https:\/\/frank.jbeanwefiteam.com\/es\/wp-json\/wp\/v2\/pages"}],"about":[{"href":"https:\/\/frank.jbeanwefiteam.com\/es\/wp-json\/wp\/v2\/types\/page"}],"author":[{"embeddable":true,"href":"https:\/\/frank.jbeanwefiteam.com\/es\/wp-json\/wp\/v2\/users\/1"}],"replies":[{"embeddable":true,"href":"https:\/\/frank.jbeanwefiteam.com\/es\/wp-json\/wp\/v2\/comments?post=1019"}],"version-history":[{"count":5,"href":"https:\/\/frank.jbeanwefiteam.com\/es\/wp-json\/wp\/v2\/pages\/1019\/revisions"}],"predecessor-version":[{"id":1749,"href":"https:\/\/frank.jbeanwefiteam.com\/es\/wp-json\/wp\/v2\/pages\/1019\/revisions\/1749"}],"wp:featuredmedia":[{"embeddable":true,"href":"https:\/\/frank.jbeanwefiteam.com\/es\/wp-json\/wp\/v2\/media\/389"}],"wp:attachment":[{"href":"https:\/\/frank.jbeanwefiteam.com\/es\/wp-json\/wp\/v2\/media?parent=1019"}],"curies":[{"name":"wp","href":"https:\/\/api.w.org\/{rel}","templated":true}]}}